{"id":1054,"date":"2024-11-26T14:19:46","date_gmt":"2024-11-26T13:19:46","guid":{"rendered":"https:\/\/satans-slaves-edition.de\/?post_type=product&#038;p=1054"},"modified":"2024-11-26T19:41:11","modified_gmt":"2024-11-26T18:41:11","slug":"siegelring","status":"publish","type":"product","link":"https:\/\/satans-slaves-edition.de\/en\/product\/siegelring\/","title":{"rendered":"Signet ring lion"},"content":{"rendered":"<p>925\/000 silver signet ring<span class=\"Apple-converted-space\">\u00a0<\/span><\/p>\n<p>Ring size: 66.5<\/p>\n<p>Ring head dimensions: 21 x 17 mm<\/p>\n<p>Ring height: 28 mm<\/p>\n<p>Polished &amp; scratched matt finish<\/p>\n<p>Weight: 19.2 g<\/p>","protected":false},"excerpt":{"rendered":"<p>925\/000 Silber Siegelring\u00a0 Ringgr\u00f6\u00dfe: 66,5 Ringkopf Ma\u00dfe: 21 x 17 mm Ringh\u00f6he: 28 mm Oberfl\u00e4che poliert &amp; strichmatt gekratzt Gewicht: 19,2 g<\/p>","protected":false},"featured_media":995,"template":"","meta":[],"product_brand":[],"product_cat":[34],"product_tag":[],"class_list":{"0":"post-1054","1":"product","2":"type-product","3":"status-publish","4":"has-post-thumbnail","6":"product_cat-siegelringe","8":"first","9":"instock","10":"shipping-taxable","11":"purchasable","12":"product-type-simple"},"_links":{"self":[{"href":"https:\/\/satans-slaves-edition.de\/en\/wp-json\/wp\/v2\/product\/1054","targetHints":{"allow":["GET"]}}],"collection":[{"href":"https:\/\/satans-slaves-edition.de\/en\/wp-json\/wp\/v2\/product"}],"about":[{"href":"https:\/\/satans-slaves-edition.de\/en\/wp-json\/wp\/v2\/types\/product"}],"wp:featuredmedia":[{"embeddable":true,"href":"https:\/\/satans-slaves-edition.de\/en\/wp-json\/wp\/v2\/media\/995"}],"wp:attachment":[{"href":"https:\/\/satans-slaves-edition.de\/en\/wp-json\/wp\/v2\/media?parent=1054"}],"wp:term":[{"taxonomy":"product_brand","embeddable":true,"href":"https:\/\/satans-slaves-edition.de\/en\/wp-json\/wp\/v2\/product_brand?post=1054"},{"taxonomy":"product_cat","embeddable":true,"href":"https:\/\/satans-slaves-edition.de\/en\/wp-json\/wp\/v2\/product_cat?post=1054"},{"taxonomy":"product_tag","embeddable":true,"href":"https:\/\/satans-slaves-edition.de\/en\/wp-json\/wp\/v2\/product_tag?post=1054"}],"curies":[{"name":"wp","href":"https:\/\/api.w.org\/{rel}","templated":true}]}}