{"id":1067,"date":"2024-11-26T14:34:43","date_gmt":"2024-11-26T13:34:43","guid":{"rendered":"https:\/\/satans-slaves-edition.de\/?post_type=product&#038;p=1067"},"modified":"2024-11-28T16:08:45","modified_gmt":"2024-11-28T15:08:45","slug":"siegelring-color","status":"publish","type":"product","link":"https:\/\/satans-slaves-edition.de\/en\/product\/siegelring-color\/","title":{"rendered":"Signet ring colour"},"content":{"rendered":"<p>925\/000 silver signet ring<span class=\"Apple-converted-space\">\u00a0<\/span><\/p>\n<p>Ring size: 66<\/p>\n<p>Ring head diameter: 20 mm<\/p>\n<p>Ring height: 27 mm<\/p>\n<p>Surface: hammered and matt<\/p>\n<p>Weight: 28.9 g<\/p>","protected":false},"excerpt":{"rendered":"<p>925\/000 Silber Siegelring\u00a0 Ringgr\u00f6\u00dfe: 66 Ringkopf Durchmesser: 20 mm Ringh\u00f6he: 27 mm Oberfl\u00e4che: geh\u00e4mmert und mattiert Gewicht: 28,9 g<\/p>","protected":false},"featured_media":983,"template":"","meta":[],"product_brand":[],"product_cat":[34],"product_tag":[],"class_list":{"0":"post-1067","1":"product","2":"type-product","3":"status-publish","4":"has-post-thumbnail","6":"product_cat-siegelringe","8":"first","9":"instock","10":"shipping-taxable","11":"purchasable","12":"product-type-simple"},"_links":{"self":[{"href":"https:\/\/satans-slaves-edition.de\/en\/wp-json\/wp\/v2\/product\/1067","targetHints":{"allow":["GET"]}}],"collection":[{"href":"https:\/\/satans-slaves-edition.de\/en\/wp-json\/wp\/v2\/product"}],"about":[{"href":"https:\/\/satans-slaves-edition.de\/en\/wp-json\/wp\/v2\/types\/product"}],"wp:featuredmedia":[{"embeddable":true,"href":"https:\/\/satans-slaves-edition.de\/en\/wp-json\/wp\/v2\/media\/983"}],"wp:attachment":[{"href":"https:\/\/satans-slaves-edition.de\/en\/wp-json\/wp\/v2\/media?parent=1067"}],"wp:term":[{"taxonomy":"product_brand","embeddable":true,"href":"https:\/\/satans-slaves-edition.de\/en\/wp-json\/wp\/v2\/product_brand?post=1067"},{"taxonomy":"product_cat","embeddable":true,"href":"https:\/\/satans-slaves-edition.de\/en\/wp-json\/wp\/v2\/product_cat?post=1067"},{"taxonomy":"product_tag","embeddable":true,"href":"https:\/\/satans-slaves-edition.de\/en\/wp-json\/wp\/v2\/product_tag?post=1067"}],"curies":[{"name":"wp","href":"https:\/\/api.w.org\/{rel}","templated":true}]}}