{"id":1070,"date":"2024-11-26T14:37:20","date_gmt":"2024-11-26T13:37:20","guid":{"rendered":"https:\/\/satans-slaves-edition.de\/?post_type=product&#038;p=1070"},"modified":"2024-11-26T18:06:38","modified_gmt":"2024-11-26T17:06:38","slug":"siegelring-fackeln","status":"publish","type":"product","link":"https:\/\/satans-slaves-edition.de\/en\/product\/siegelring-fackeln\/","title":{"rendered":"Signet ring torches"},"content":{"rendered":"<p>925\/000 silver signet ring<\/p>\n<p>Ring size: 66.5<\/p>\n<p>Ring head diameter: 21<\/p>\n<p>Ring height: 27 mm<\/p>\n<p>Surface: matt<\/p>\n<p>Weight: 27.8 g<\/p>","protected":false},"excerpt":{"rendered":"<p>925\/000 Silber Siegelring Ringgr\u00f6\u00dfe: 66,5 Ringkopf Durchmesser: 21 Ringh\u00f6he: 27 mm Oberfl\u00e4che: matt Gewicht: 27,8 g<\/p>","protected":false},"featured_media":1002,"template":"","meta":[],"product_brand":[],"product_cat":[34],"product_tag":[],"class_list":{"0":"post-1070","1":"product","2":"type-product","3":"status-publish","4":"has-post-thumbnail","6":"product_cat-siegelringe","8":"first","9":"instock","10":"shipping-taxable","11":"purchasable","12":"product-type-simple"},"_links":{"self":[{"href":"https:\/\/satans-slaves-edition.de\/en\/wp-json\/wp\/v2\/product\/1070","targetHints":{"allow":["GET"]}}],"collection":[{"href":"https:\/\/satans-slaves-edition.de\/en\/wp-json\/wp\/v2\/product"}],"about":[{"href":"https:\/\/satans-slaves-edition.de\/en\/wp-json\/wp\/v2\/types\/product"}],"wp:featuredmedia":[{"embeddable":true,"href":"https:\/\/satans-slaves-edition.de\/en\/wp-json\/wp\/v2\/media\/1002"}],"wp:attachment":[{"href":"https:\/\/satans-slaves-edition.de\/en\/wp-json\/wp\/v2\/media?parent=1070"}],"wp:term":[{"taxonomy":"product_brand","embeddable":true,"href":"https:\/\/satans-slaves-edition.de\/en\/wp-json\/wp\/v2\/product_brand?post=1070"},{"taxonomy":"product_cat","embeddable":true,"href":"https:\/\/satans-slaves-edition.de\/en\/wp-json\/wp\/v2\/product_cat?post=1070"},{"taxonomy":"product_tag","embeddable":true,"href":"https:\/\/satans-slaves-edition.de\/en\/wp-json\/wp\/v2\/product_tag?post=1070"}],"curies":[{"name":"wp","href":"https:\/\/api.w.org\/{rel}","templated":true}]}}