{"id":1077,"date":"2024-11-26T14:46:16","date_gmt":"2024-11-26T13:46:16","guid":{"rendered":"https:\/\/satans-slaves-edition.de\/?post_type=product&#038;p=1077"},"modified":"2024-12-03T15:15:17","modified_gmt":"2024-12-03T14:15:17","slug":"siegelring-mc-2","status":"publish","type":"product","link":"https:\/\/satans-slaves-edition.de\/en\/product\/siegelring-mc-2\/","title":{"rendered":"Signet ring % MC"},"content":{"rendered":"<p>925\/000 signet ring<\/p>\n<p>Ring size: 67<\/p>\n<p>Ring head dimensions: 17 x 18 mm<\/p>\n<p>Ring height: 28<\/p>\n<p>Surface: ice matt<span class=\"Apple-converted-space\">\u00a0<\/span><\/p>\n<p>Weight: 13.3 g<\/p>","protected":false},"excerpt":{"rendered":"<p>925\/000 Siegelring Ringgr\u00f6\u00dfe: 67 Ringkopf Ma\u00dfe: 17 x 18 mm Ringh\u00f6he: 28 Oberfl\u00e4che: eismatt\u00a0 Gewicht: 13,3 g<\/p>","protected":false},"featured_media":1344,"template":"","meta":[],"product_brand":[],"product_cat":[34],"product_tag":[],"class_list":{"0":"post-1077","1":"product","2":"type-product","3":"status-publish","4":"has-post-thumbnail","6":"product_cat-siegelringe","8":"first","9":"instock","10":"shipping-taxable","11":"purchasable","12":"product-type-simple"},"_links":{"self":[{"href":"https:\/\/satans-slaves-edition.de\/en\/wp-json\/wp\/v2\/product\/1077","targetHints":{"allow":["GET"]}}],"collection":[{"href":"https:\/\/satans-slaves-edition.de\/en\/wp-json\/wp\/v2\/product"}],"about":[{"href":"https:\/\/satans-slaves-edition.de\/en\/wp-json\/wp\/v2\/types\/product"}],"wp:featuredmedia":[{"embeddable":true,"href":"https:\/\/satans-slaves-edition.de\/en\/wp-json\/wp\/v2\/media\/1344"}],"wp:attachment":[{"href":"https:\/\/satans-slaves-edition.de\/en\/wp-json\/wp\/v2\/media?parent=1077"}],"wp:term":[{"taxonomy":"product_brand","embeddable":true,"href":"https:\/\/satans-slaves-edition.de\/en\/wp-json\/wp\/v2\/product_brand?post=1077"},{"taxonomy":"product_cat","embeddable":true,"href":"https:\/\/satans-slaves-edition.de\/en\/wp-json\/wp\/v2\/product_cat?post=1077"},{"taxonomy":"product_tag","embeddable":true,"href":"https:\/\/satans-slaves-edition.de\/en\/wp-json\/wp\/v2\/product_tag?post=1077"}],"curies":[{"name":"wp","href":"https:\/\/api.w.org\/{rel}","templated":true}]}}