{"id":1079,"date":"2024-11-26T15:39:54","date_gmt":"2024-11-26T14:39:54","guid":{"rendered":"https:\/\/satans-slaves-edition.de\/?post_type=product&#038;p=1079"},"modified":"2024-11-26T18:09:29","modified_gmt":"2024-11-26T17:09:29","slug":"herrenring","status":"publish","type":"product","link":"https:\/\/satans-slaves-edition.de\/en\/product\/herrenring\/","title":{"rendered":"Men's ring"},"content":{"rendered":"<p>925\/000 Men's ring<\/p>\n<p>Ring size: 73<\/p>\n<p>Ring width: 8 mm<\/p>\n<p>Lettering: Satan's Slaves MC<\/p>\n<p>Surface: milled<\/p>\n<p>Weight: 10.3 g<\/p>","protected":false},"excerpt":{"rendered":"<p>925\/000 Herrenring Ringgr\u00f6\u00dfe: 73 Ringbreite: 8 mm Schriftzug: Satans Slaves MC Oberfl\u00e4che: gefr\u00e4st Gewicht: 10,3 g<\/p>","protected":false},"featured_media":1010,"template":"","meta":[],"product_brand":[],"product_cat":[42],"product_tag":[],"class_list":{"0":"post-1079","1":"product","2":"type-product","3":"status-publish","4":"has-post-thumbnail","6":"product_cat-ringe","8":"first","9":"instock","10":"shipping-taxable","11":"purchasable","12":"product-type-simple"},"_links":{"self":[{"href":"https:\/\/satans-slaves-edition.de\/en\/wp-json\/wp\/v2\/product\/1079","targetHints":{"allow":["GET"]}}],"collection":[{"href":"https:\/\/satans-slaves-edition.de\/en\/wp-json\/wp\/v2\/product"}],"about":[{"href":"https:\/\/satans-slaves-edition.de\/en\/wp-json\/wp\/v2\/types\/product"}],"wp:featuredmedia":[{"embeddable":true,"href":"https:\/\/satans-slaves-edition.de\/en\/wp-json\/wp\/v2\/media\/1010"}],"wp:attachment":[{"href":"https:\/\/satans-slaves-edition.de\/en\/wp-json\/wp\/v2\/media?parent=1079"}],"wp:term":[{"taxonomy":"product_brand","embeddable":true,"href":"https:\/\/satans-slaves-edition.de\/en\/wp-json\/wp\/v2\/product_brand?post=1079"},{"taxonomy":"product_cat","embeddable":true,"href":"https:\/\/satans-slaves-edition.de\/en\/wp-json\/wp\/v2\/product_cat?post=1079"},{"taxonomy":"product_tag","embeddable":true,"href":"https:\/\/satans-slaves-edition.de\/en\/wp-json\/wp\/v2\/product_tag?post=1079"}],"curies":[{"name":"wp","href":"https:\/\/api.w.org\/{rel}","templated":true}]}}